{"id":1482,"date":"2021-01-06T16:02:23","date_gmt":"2021-01-06T15:02:23","guid":{"rendered":"http:\/\/top.nieruchomosci.pl\/?page_id=1482"},"modified":"2023-10-17T16:13:22","modified_gmt":"2023-10-17T14:13:22","slug":"o-nas","status":"publish","type":"page","link":"https:\/\/top.nieruchomosci.pl\/index.php\/o-nas\/","title":{"rendered":"O nas"},"content":{"rendered":"\n<div class=\"wp-block-columns is-layout-flex wp-container-core-columns-is-layout-9d6595d7 wp-block-columns-is-layout-flex\">\n<div class=\"wp-block-column is-layout-flow wp-block-column-is-layout-flow\">\n<div class=\"wp-block-media-text is-vertically-aligned-center\" style=\"grid-template-columns:15% auto\"><figure class=\"wp-block-media-text__media\"><img loading=\"lazy\" decoding=\"async\" width=\"40\" height=\"30\" src=\"https:\/\/top.nieruchomosci.pl\/wp-content\/uploads\/2023\/10\/gb.png\" alt=\"\" class=\"wp-image-2885 size-full\"\/><\/figure><div class=\"wp-block-media-text__content\">\n<p class=\"has-text-align-left\"><strong>We speak english<\/strong><\/p>\n<\/div><\/div>\n<\/div>\n\n\n\n<div class=\"wp-block-column is-layout-flow wp-block-column-is-layout-flow\">\n<div class=\"wp-block-media-text\" style=\"grid-template-columns:15% auto\"><figure class=\"wp-block-media-text__media\"><img loading=\"lazy\" decoding=\"async\" width=\"40\" height=\"30\" src=\"https:\/\/top.nieruchomosci.pl\/wp-content\/uploads\/2023\/10\/se.png\" alt=\"\" class=\"wp-image-2886 size-full\"\/><\/figure><div class=\"wp-block-media-text__content\">\n<p><strong>Vi pratar svenska<\/strong><\/p>\n<\/div><\/div>\n<\/div>\n\n\n\n<div class=\"wp-block-column is-layout-flow wp-block-column-is-layout-flow\">\n<div class=\"wp-block-media-text\" style=\"grid-template-columns:15% auto\"><figure class=\"wp-block-media-text__media\"><img loading=\"lazy\" decoding=\"async\" width=\"40\" height=\"30\" src=\"https:\/\/top.nieruchomosci.pl\/wp-content\/uploads\/2023\/10\/ru.png\" alt=\"\" class=\"wp-image-2887 size-full\"\/><\/figure><div class=\"wp-block-media-text__content\">\n<p><strong>\u041c\u044b \u0433\u043e\u0432\u043e\u0440\u0438\u043c \u043f\u043e \u0440\u0443\u0441\u0441\u043a\u0438<\/strong><\/p>\n<\/div><\/div>\n<\/div>\n<\/div>\n\n\n\n<div class=\"wp-block-media-text alignwide is-stacked-on-mobile is-vertically-aligned-top\" style=\"grid-template-columns:20% auto\"><figure class=\"wp-block-media-text__media\"><img loading=\"lazy\" decoding=\"async\" width=\"1920\" height=\"1280\" src=\"http:\/\/top.nieruchomosci.pl\/wp-content\/uploads\/2021\/01\/house-1407562_1920.jpg\" alt=\"\" class=\"wp-image-1483 size-full\" srcset=\"https:\/\/top.nieruchomosci.pl\/wp-content\/uploads\/2021\/01\/house-1407562_1920.jpg 1920w, https:\/\/top.nieruchomosci.pl\/wp-content\/uploads\/2021\/01\/house-1407562_1920-300x200.jpg 300w, https:\/\/top.nieruchomosci.pl\/wp-content\/uploads\/2021\/01\/house-1407562_1920-1024x683.jpg 1024w, https:\/\/top.nieruchomosci.pl\/wp-content\/uploads\/2021\/01\/house-1407562_1920-768x512.jpg 768w, https:\/\/top.nieruchomosci.pl\/wp-content\/uploads\/2021\/01\/house-1407562_1920-1536x1024.jpg 1536w\" sizes=\"auto, (max-width: 1920px) 100vw, 1920px\" \/><\/figure><div class=\"wp-block-media-text__content\">\n<p><strong>TOP NIERUCHOMO\u015aCI B\u0141A\u017bEJ WACHOWIAK<\/strong> jest firm\u0105 z wieloletni\u0105 tradycj\u0105. Prowadzimy nieprzerwan\u0105 dzia\u0142alno\u015b\u0107 od 01.02.1998 r.<\/p>\n\n\n\n<p>Posiadamy gruntown\u0105 wiedz\u0119 z zakresu obrotu nieruchomo\u015bciami, potwierdzon\u0105 licencj\u0105 zawodow\u0105 nr 13453 oraz certyfikatami odbycia licznych dodatkowych kurs\u00f3w.<\/p>\n<\/div><\/div>\n\n\n\n<p>\u015awiadczone przez nas us\u0142ugi obj\u0119te s\u0105 wymaganym ubezpieczeniem.<\/p>\n\n\n\n<p>Ka\u017cdego klienta traktujemy wyj\u0105tkowo. Wychodzimy z za\u0142o\u017cenia, \u017ce nie ma dw\u00f3ch takich samych nieruchomo\u015bci, ani identycznych transakcji.<\/p>\n\n\n\n<p>Zakres i wycen\u0119 naszych us\u0142ug omawiamy indywidualnie.<\/p>\n\n\n\n<p>W trakcie rozmowy z klientem staramy si\u0119 pozna\u0107 jego oczekiwania, \u017ceby wsp\u00f3lnie uzgodni\u0107 jakie dzia\u0142ania i w jakiej kolejno\u015bci nale\u017cy podj\u0105\u0107 aby zgodnie z obowi\u0105zuj\u0105cymi przepisami prawa, bezpiecznie i skutecznie osi\u0105gn\u0105\u0107 mo\u017cliwie najlepszy rezultat w jak najkr\u00f3tszym czasie.<\/p>\n\n\n\n<p>W naszej prowizji uwzgl\u0119dniamy wsp\u00f3\u0142prac\u0119 z innymi biurami nieruchomo\u015bci.<\/p>\n\n\n\n<p>W celu zapewnienia oczekiwanego przez klienta standardu us\u0142ug, preferujemy wsp\u00f3\u0142prac\u0119 w oparciu o umowy na wy\u0142\u0105czno\u015b\u0107.<\/p>\n\n\n\n<p><\/p>\n","protected":false},"excerpt":{"rendered":"<p>We speak english Vi pratar svenska \u041c\u044b \u0433\u043e\u0432\u043e\u0440\u0438\u043c \u043f\u043e \u0440\u0443\u0441\u0441\u043a\u0438 TOP NIERUCHOMO\u015aCI B\u0141A\u017bEJ WACHOWIAK jest firm\u0105 z wieloletni\u0105 tradycj\u0105. Prowadzimy nieprzerwan\u0105 dzia\u0142alno\u015b\u0107 od 01.02.1998 r. Posiadamy gruntown\u0105 wiedz\u0119 z zakresu &#8230;<\/p>\n","protected":false},"author":1,"featured_media":0,"parent":0,"menu_order":0,"comment_status":"closed","ping_status":"closed","template":"","meta":{"pgc_sgb_lightbox_settings":"","footnotes":""},"class_list":["post-1482","page","type-page","status-publish","hentry"],"_links":{"self":[{"href":"https:\/\/top.nieruchomosci.pl\/index.php\/wp-json\/wp\/v2\/pages\/1482","targetHints":{"allow":["GET"]}}],"collection":[{"href":"https:\/\/top.nieruchomosci.pl\/index.php\/wp-json\/wp\/v2\/pages"}],"about":[{"href":"https:\/\/top.nieruchomosci.pl\/index.php\/wp-json\/wp\/v2\/types\/page"}],"author":[{"embeddable":true,"href":"https:\/\/top.nieruchomosci.pl\/index.php\/wp-json\/wp\/v2\/users\/1"}],"replies":[{"embeddable":true,"href":"https:\/\/top.nieruchomosci.pl\/index.php\/wp-json\/wp\/v2\/comments?post=1482"}],"version-history":[{"count":27,"href":"https:\/\/top.nieruchomosci.pl\/index.php\/wp-json\/wp\/v2\/pages\/1482\/revisions"}],"predecessor-version":[{"id":2920,"href":"https:\/\/top.nieruchomosci.pl\/index.php\/wp-json\/wp\/v2\/pages\/1482\/revisions\/2920"}],"wp:attachment":[{"href":"https:\/\/top.nieruchomosci.pl\/index.php\/wp-json\/wp\/v2\/media?parent=1482"}],"curies":[{"name":"wp","href":"https:\/\/api.w.org\/{rel}","templated":true}]}}