{"id":1545,"date":"2021-01-12T15:06:44","date_gmt":"2021-01-12T14:06:44","guid":{"rendered":"http:\/\/top.nieruchomosci.pl\/?page_id=1545"},"modified":"2023-10-17T16:22:43","modified_gmt":"2023-10-17T14:22:43","slug":"posredniczenie-w-obrocie-nieruchomosciami","status":"publish","type":"page","link":"https:\/\/top.nieruchomosci.pl\/index.php\/posredniczenie-w-obrocie-nieruchomosciami\/","title":{"rendered":"Po\u015bredniczenie w obrocie nieruchomos\u0301ciami"},"content":{"rendered":"\n<ul class=\"wp-block-list\">\n<li>analiza i pomoc w uregulowaniu stanu prawnego nieruchomo\u015bci<\/li>\n\n\n\n<li>analiz\u0119 lokalnego runku<\/li>\n\n\n\n<li>okre\u015blenie maksymalnej mo\u017cliwej do osi\u0105gni\u0119cia ceny sprzeda\u017cy lub najmu<\/li>\n\n\n\n<li>przygotowanie nieruchomo\u015bci do sprzeda\u017cy (home staging, sesja fotograficzna, etc.)<\/li>\n\n\n\n<li>opracowanie strategii reklamy (promocja i pozycjonowanie w internecie, og\u0142oszenia na portalach, Multiple Listing System (MLS),<\/li>\n\n\n\n<li>promocj\u0119 w ramach posiadanej sieci kontakt\u00f3w z innymi biurami nieruchomo\u015bci oraz inwestorami na rynku nieruchomo\u015bci<\/li>\n\n\n\n<li>reprezentowanie interes\u00f3w wy\u0142\u0105cznie jednej strony transakcji, za wyj\u0105tkiem sytuacji, gdy nasz klient jednoznacznie wyra\u017ca zgod\u0119 na wsp\u00f3\u0142prac\u0119 z drug\u0105 stron\u0105 transakcji np. w sytuacji, gdy zale\u017cy mu na usprawnieniu procesu przygotowania niezb\u0119dnych dokument\u00f3w, przez drug\u0105 stron\u0119, w celu przyspieszenia terminu umowy ostatecznej<\/li>\n\n\n\n<li>pomoc w wyborze i uzyskaniu optymalnej formy finansowania<\/li>\n\n\n\n<li>obecno\u015b\u0107 podczas negocjacji oraz pomoc w uzgadnianiu warunk\u00f3w okre\u015blonych w umowach<\/li>\n\n\n\n<li>pomoc w przygotowaniu kompletu dokument\u00f3w, niezb\u0119dnych do przeprowadzenia transakcji<\/li>\n\n\n\n<li>pomoc w wyborze i um\u00f3wieniu terminu u notariusza<\/li>\n<\/ul>\n","protected":false},"excerpt":{"rendered":"<p>analiz\u0119  i pomoc w uregulowaniu stanu prawnego nieruchomo\u015bci.<\/p>\n","protected":false},"author":1,"featured_media":0,"parent":0,"menu_order":0,"comment_status":"closed","ping_status":"closed","template":"","meta":{"pgc_sgb_lightbox_settings":"","footnotes":""},"class_list":["post-1545","page","type-page","status-publish","hentry"],"_links":{"self":[{"href":"https:\/\/top.nieruchomosci.pl\/index.php\/wp-json\/wp\/v2\/pages\/1545","targetHints":{"allow":["GET"]}}],"collection":[{"href":"https:\/\/top.nieruchomosci.pl\/index.php\/wp-json\/wp\/v2\/pages"}],"about":[{"href":"https:\/\/top.nieruchomosci.pl\/index.php\/wp-json\/wp\/v2\/types\/page"}],"author":[{"embeddable":true,"href":"https:\/\/top.nieruchomosci.pl\/index.php\/wp-json\/wp\/v2\/users\/1"}],"replies":[{"embeddable":true,"href":"https:\/\/top.nieruchomosci.pl\/index.php\/wp-json\/wp\/v2\/comments?post=1545"}],"version-history":[{"count":6,"href":"https:\/\/top.nieruchomosci.pl\/index.php\/wp-json\/wp\/v2\/pages\/1545\/revisions"}],"predecessor-version":[{"id":2922,"href":"https:\/\/top.nieruchomosci.pl\/index.php\/wp-json\/wp\/v2\/pages\/1545\/revisions\/2922"}],"wp:attachment":[{"href":"https:\/\/top.nieruchomosci.pl\/index.php\/wp-json\/wp\/v2\/media?parent=1545"}],"curies":[{"name":"wp","href":"https:\/\/api.w.org\/{rel}","templated":true}]}}