{"id":3,"date":"2020-12-16T12:38:43","date_gmt":"2020-12-16T11:38:43","guid":{"rendered":"http:\/\/top.nieruchomosci.pl\/?page_id=3"},"modified":"2023-12-19T18:10:25","modified_gmt":"2023-12-19T17:10:25","slug":"polityka-prywatnosci","status":"publish","type":"page","link":"https:\/\/top.nieruchomosci.pl\/index.php\/polityka-prywatnosci\/","title":{"rendered":"Polityka prywatno\u015bci"},"content":{"rendered":"\n<p>POLITYKA PRYWATNO\u015aCI<\/p>\n\n\n\n<p><strong>Drogi kliencie,<\/strong><\/p>\n\n\n\n<p>Twoja prywatno\u015b\u0107 jest dla nas wa\u017cna, dlatego w zwi\u0105zku z wej\u015bciem w \u017cycie z dniem 25 maja 2018 r. og\u00f3lnego rozporz\u0105dzenia o ochronie danych osobowych, zwanym RODO, przedstawiamy podstawowe informacje w tym zakresie. Spos\u00f3b w jaki wykorzystujemy Twoje dane nie ulega zmianie, ale chcemy wyja\u015bni\u0107, co w praktyce oznacza dla Ciebie RODO<\/p>\n\n\n\n<p><strong>INFORMACJA O PRZETWARZANIU DANYCH OSOBOWYCH<\/strong>&nbsp;&nbsp;&nbsp;&nbsp;&nbsp;&nbsp;&nbsp;&nbsp;&nbsp;&nbsp;&nbsp;&nbsp;&nbsp;&nbsp;&nbsp;&nbsp;&nbsp;&nbsp;&nbsp;&nbsp;&nbsp;&nbsp;&nbsp;&nbsp;&nbsp;&nbsp;&nbsp;&nbsp;&nbsp;&nbsp;&nbsp;&nbsp;&nbsp;&nbsp;&nbsp;&nbsp;&nbsp;&nbsp;&nbsp;&nbsp;&nbsp;&nbsp;&nbsp;&nbsp;&nbsp;&nbsp;&nbsp;&nbsp;&nbsp;&nbsp;&nbsp;&nbsp;&nbsp;&nbsp;&nbsp; &nbsp;&nbsp;&nbsp;&nbsp;&nbsp;&nbsp;&nbsp;&nbsp;&nbsp;&nbsp;&nbsp;&nbsp;&nbsp;&nbsp;&nbsp;&nbsp;<\/p>\n\n\n\n<p>&nbsp;<strong>Co to jest RODO?<br><\/strong>Rozporz\u0105dzenie Parlamentu Europejskiego i Rady (UE) 2016\/679 z 27 kwietnia 2016 r. w sprawie ochrony os\u00f3b fizycznych w zwi\u0105zku z przetwarzaniem danych osobowych i w sprawie swobodnego przep\u0142ywu takich danych oraz uchylenia dyrektywy 95\/46\/WE (og\u00f3lne rozporz\u0105dzenie o ochronie danych) \u2013 dokument unijny, kt\u00f3ry stosujemy od 25 maja 2018 r. RODO reguluje zasady post\u0119powania z danymi osobowymi w ca\u0142ej Europie. Tak jak dotychczas, potrzebujemy Twoich danych, by zrealizowa\u0107 obowi\u0105zki wynikaj\u0105ce z podpisania umowy po\u015brednictwa. Celem RODO jest zapewnienie Ci wi\u0119kszej kontroli nad przetwarzaniem Twoich danych osobowych.<\/p>\n\n\n\n<p><strong>Kto jest administratorem Twoich danych osobowych?\u00a0<br><\/strong>Administratorem Twoich danych jest TOP NIERUCHOMO\u015aCI B\u0142a\u017cej Wachowiak ,z siedzib\u0105 ul. Mi\u0119towa 58, 81-589 Gdynia, NIP: 5832023540 e-mail: biuro@top.nieruchomosci.pl, zwana dalej \u201eAdministratorem\u201d.<\/p>\n\n\n\n<p>We wszelkich sprawach dotycz\u0105cych przetwarzania danych osobowych, w szczeg\u00f3lno\u015bci korzystania z przys\u0142uguj\u0105cych Ci praw zwi\u0105zanych z przetwarzaniem danych osobowych, mo\u017cesz kontaktowa\u0107 si\u0119 z nami poprzez:&nbsp;<\/p>\n\n\n\n<p>a) adres email: biuro@top.nieruchomosci.pl<\/p>\n\n\n\n<p>b) telefonicznie pod numerem: 604 053 316<\/p>\n\n\n\n<p>c) pisemnie na adres siedziby Top Nieruchomo\u015bci B\u0142a\u017cej Wachowiak.<\/p>\n\n\n\n<p><strong>Jakie dane osobowe przetwarzamy i w jaki spos\u00f3b?<br><\/strong>Dane osobowe to wszystkie informacje, kt\u00f3re&nbsp; pozwalaj\u0105 zidentyfikowa\u0107 osob\u0119 fizyczn\u0105, w szczeg\u00f3lno\u015bci: imi\u0119 i nazwisko, adres, numer telefonu, adres e-mail, numer pesel, numer dowodu itp.&nbsp; Prosimy Ci\u0119 o podanie pewnych danych podczas podpisywania umowy po\u015brednictwa.<\/p>\n\n\n\n<p><strong>Mo\u017cesz by\u0107 powinien \u017ce<\/strong>:&nbsp;<\/p>\n\n\n\n<p>&#8211; dane osobowe s\u0105 przetwarzane zgodnie z aktualnie obowi\u0105zuj\u0105cymi przepisami, w tym RODO, w spos\u00f3b rzetelny i przejrzysty,<\/p>\n\n\n\n<p>\u2013 dane osobowe s\u0105 zbierane w konkretnych, wyra\u017anych i prawnie uzasadnionych celach i s\u0105 przetwarzane tylko w zakresie zgodnym z tymi celami,<\/p>\n\n\n\n<p>\u2013 dok\u0142adamy najwy\u017cszej staranno\u015bci, by dane osobowe, kt\u00f3re przetwarzamy, by\u0142y zgodne z prawd\u0105, aktualne i dok\u0142adne,&nbsp;<\/p>\n\n\n\n<p>\u2013 dane osobowe s\u0105 przechowywane w formie, kt\u00f3ra umo\u017cliwia identyfikacj\u0119 osoby, kt\u00f3rej dane dotycz\u0105, przez okres nie d\u0142u\u017cszy, ni\u017c jest to niezb\u0119dne do cel\u00f3w, w kt\u00f3rych dane te s\u0105 przetwarzane,<\/p>\n\n\n\n<p>\u2013 dane osobowe s\u0105 przetwarzane w spos\u00f3b zapewniaj\u0105cy odpowiednie bezpiecze\u0144stwo, w tym ochron\u0119 przed niedozwolonym lub niezgodnym z prawem przetwarzaniem oraz przypadkow\u0105 utrat\u0105, zniszczeniem lub uszkodzeniem, za pomoc\u0105 odpowiednich \u015brodk\u00f3w organizacyjnych, technicznych i technologicznych.&nbsp;<\/p>\n\n\n\n<p><strong>Dlaczego przetwarzamy Twoje dane osobowe?<br><\/strong>Twoje dane przetwarzamy przede wszystkim w celu realizacji obowi\u0105zk\u00f3w i podejmowania czynno\u015bci, wynikaj\u0105cych z podpisanej umowy po\u015brednictwa, do kt\u00f3rych nale\u017c\u0105 mi\u0119dzy innymi:<\/p>\n\n\n\n<p>&#8211; dzia\u0142ania marketingowe prowadzone w okresie trwania umowy lub do wycofania zgody b\u0105d\u017a z\u0142o\u017cenia sprzeciwu,<\/p>\n\n\n\n<p>&#8211; promocja oraz prezentacja ofert sprzeda\u017cy, kupna lub wynajmu w zakresie niezb\u0119dnym do efektywnej realizacji zada\u0144, wynikaj\u0105cych z podpisanej umowy po\u015brednictwa,<\/p>\n\n\n\n<p>&#8211; realizacja procedur w ramach proces\u00f3w reklamacyjnych,<\/p>\n\n\n\n<p>&#8211; ochrona przed roszczeniami oraz zabezpieczenie mo\u017cliwo\u015bci dochodzenia roszcze\u0144,          w okresie okre\u015blonym w stosownych przepisach Kodeksu Cywilnego.&nbsp;<\/p>\n\n\n\n<p>Robimy to na podstawie udzielonej przez Ciebie zgody.&nbsp; Podanie danych osobowych w takiej sytuacji jest dobrowolne.<\/p>\n\n\n\n<p>W zwi\u0105zku z zawarciem umowy po\u015brednictwa, mamy jeszcze kilka innych obowi\u0105zk\u00f3w, do kt\u00f3rych niezb\u0119dne jest przetwarzanie Twoich danych osobowych, w szczeg\u00f3lno\u015bci podatkowych, ksi\u0119gowych i logistycznych.&nbsp; W celu realizacji tych obowi\u0105zk\u00f3w powierzamy Twoje dane innym podmiotom (podmiotom przetwarzaj\u0105cym) tj. w szczeg\u00f3lno\u015bci ksi\u0119gowo\u015bci rozliczaj\u0105cej faktury, notariuszowi przygotowuj\u0105cemu umow\u0119 sprzeda\u017cy, firmie &nbsp;przechowuj\u0105cej faktury&nbsp; na serwerze, klientowi zainteresowanemu zakupem\/wynajmem Twojej nieruchomo\u015bci ( adres nieruchomo\u015bci). Zapewniamy, \u017ce podmioty z kt\u00f3rymi wsp\u00f3\u0142pracujemy, r\u00f3wnie\u017c przestrzegaj\u0105 zasadach ochrony danych osobowych wynikaj\u0105cych z RODO.<\/p>\n\n\n\n<p><strong>Jak d\u0142ugo przechowujemy Twoje dane?<br><\/strong>Przetwarzamy dane osobowe przez czas, jaki jest niezb\u0119dny, aby osi\u0105gn\u0105\u0107 cel przetwarzania. Stosujemy zasad\u0119\u0328 ograniczenia przechowywania danych osobowych, kt\u00f3ra zabezpiecza dane przed ich przetwarzaniem przez nieograniczony okres.&nbsp;&nbsp;<\/p>\n\n\n\n<p>W szczeg\u00f3lno\u015bci usuwamy dane osobowe, gdy:&nbsp;<\/p>\n\n\n\n<p>\u2013 nast\u0105pi przedawnienie ewentualnych roszcze\u0144 (je\u017celi przetwarzali\u015bmy dane, aby realizowa\u0107 umow\u0119),<\/p>\n\n\n\n<p>\u2013 up\u0142yn\u0105 terminy, kt\u00f3re wynikaj\u0105 z przepis\u00f3w prawa (np. ustawy o rachunkowo\u015bci),&nbsp;<\/p>\n\n\n\n<p>\u2013 osoba, kt\u00f3rej dane dotycz\u0105, cofnie zgod\u0119 na przetwarzanie danych osobowych (je\u017celi to zgoda by\u0142a podstaw\u0105 przetwarzania),<\/p>\n\n\n\n<p>\u2013 osoba, kt\u00f3rej dane dotycz\u0105, skutecznie sprzeciwi si\u0119 dalszemu przetwarzaniu (je\u017celi podstaw\u0105 przetwarzania by\u0142 uzasadniony interes Top nieruchomo\u015bci B\u0142a\u017cej Wachowiak jako administratora).<\/p>\n\n\n\n<p><strong>Jakie uprawnienia przys\u0142uguj\u0105 Ci zgodnie z RODO?<\/strong><\/p>\n\n\n\n<p>\u2013 prawo do uzyskania informacji, czy przetwarzamy Twoje dane,<\/p>\n\n\n\n<p>\u2013 prawo dost\u0119pu do Twoich danych osobowych oraz otrzymania ich kopii, a tak\u017ce uzyskania informacji na temat sposobu, celu i podstawy przetwarzania &nbsp; Twoich danych osobowych, jak r\u00f3wnie\u017c \u017ar\u00f3d\u0142a ich pochodzenia,<\/p>\n\n\n\n<p>\u2013 prawo do sprostowania (poprawiania) Twoich danych,<\/p>\n\n\n\n<p>\u2013 prawo \u017c\u0105dania usuni\u0119cia danych lub ograniczenia przetwarzania Twoich danych,<\/p>\n\n\n\n<p>\u2013&nbsp;prawo do wniesienia sprzeciwu wobec przetwarzania danych,&nbsp;<\/p>\n\n\n\n<p>\u2013 prawo do przenoszenia danych,<\/p>\n\n\n\n<p>\u2013 prawo do wniesienia skargi do organu nadzorczego (Prezesa Urz\u0119du Ochrony Danych Osobowych),<\/p>\n\n\n\n<p>\u2013 prawo do cofni\u0119cia zgody na przetwarzanie danych osobowych,<\/p>\n\n\n\n<p>Je\u017celi przetwarzamy Twoje dane w celu zawarcia i wykonania umowy lub te\u017c przetwarzamy Twoje dane na podstawie innych obowi\u0105zuj\u0105cych przepis\u00f3w prawa, Twoja pro\u015bba w powy\u017cszym zakresie mo\u017ce okaza\u0107 si\u0119 bezskuteczna.&nbsp;<\/p>\n\n\n\n<p>Je\u017celi przetwarzanie Twoich danych odbywa si\u0119 na podstawie udzielonej zgody, w ka\u017cdej chwili masz prawo cofn\u0105\u0107 zgod\u0119 na przetwarzanie tych danych osobowych. Cofni\u0119cie zgody nie b\u0119dzie wp\u0142ywa\u0107 na zgodno\u015b\u0107 z prawem przetwarzania, kt\u00f3rego dokonano na podstawie zgody przed jej wycofaniem.&nbsp; W celu wykonania swoich praw prosimy o skierowanie \u017c\u0105dania na wskazane wy\u017cej dane kontaktowe.<\/p>\n\n\n\n<p>Je\u017celi TOP Nieruchomo\u015bci B\u0142a\u017cej Wachowiak przetwarza Twoje dane na podstawie prawnie uzasadnionego interesu administratora, przys\u0142uguje Ci prawo wniesienia sprzeciwu wobec przetwarzania tych danych \u2013 w szczeg\u00f3lno\u015bci prawo sprzeciwu przys\u0142uguje Ci wobec przetwarzania danych na potrzeby marketingu bezpo\u015bredniego oraz profilowania.<\/p>\n\n\n\n<p>Pliki COOKIES Strona top.nieruchomosci.pl w celu optymalnego dostosowania dostarczanych us\u0142ug, szybko\u015bci i wygody prezentowanych informacji oraz w celach statystycznych i reklamowych, korzysta z technologii plik\u00f3w cookies kt\u00f3re stanowi\u0105 pliki informacji przechowywania lokalnie na komputerze u\u017cytkownika przegl\u0105daj\u0105cego zawarto\u015b\u0107 strony i korzystaj\u0105cego w jej ramach z oferowanych us\u0142ug. Standardowo Oprogramowanie s\u0142u\u017c\u0105ce do przegl\u0105dania stron internetowych domy\u015blnie dopuszcza umieszczanie plik\u00f3w cookies na urz\u0105dzeniu ko\u0144cowym u\u017cytkownika. Ustawienia te mog\u0105 zosta\u0107 zmienione przez u\u017cytkownika W taki spos\u00f3b aby blokowa\u0107 automatyczn\u0105 obs\u0142ug\u0119&nbsp; \u201ecookies\u201d w ustawieniach przegl\u0105darki internetowej b\u0105d\u017a informowa\u0107 o ich ka\u017cdorazowym przes\u0142aniu na urz\u0105dzenia u\u017cytkownika. U\u017cytkownik mo\u017ce samodzielnie i w ka\u017cdym czasie zmieni\u0107 w przegl\u0105darce internetowej ustawienia dotycz\u0105ce plik\u00f3w cookies, okre\u015blaj\u0105c warunki ich przechowywania i uzyskiwania dost\u0119pu przez pliki cookies. Szczeg\u00f3\u0142owe informacje o mo\u017cliwo\u015bci i sposobach obs\u0142ugi plik\u00f3w cookies dost\u0119pne s\u0105 w ustawieniach oprogramowania przegl\u0105darki internetowej. Brak zmiany tych ustawie\u0144 oznacza akceptacj\u0119 plik\u00f3w cookies.&nbsp;<\/p>\n","protected":false},"excerpt":{"rendered":"<p>POLITYKA PRYWATNO\u015aCI Drogi kliencie, Twoja prywatno\u015b\u0107 jest dla nas wa\u017cna, dlatego w zwi\u0105zku z wej\u015bciem w \u017cycie z dniem 25 maja 2018 r. og\u00f3lnego rozporz\u0105dzenia o ochronie danych osobowych, zwanym &#8230;<\/p>\n","protected":false},"author":1,"featured_media":0,"parent":0,"menu_order":0,"comment_status":"closed","ping_status":"open","template":"","meta":{"pgc_sgb_lightbox_settings":"","footnotes":""},"class_list":["post-3","page","type-page","status-publish","hentry"],"_links":{"self":[{"href":"https:\/\/top.nieruchomosci.pl\/index.php\/wp-json\/wp\/v2\/pages\/3","targetHints":{"allow":["GET"]}}],"collection":[{"href":"https:\/\/top.nieruchomosci.pl\/index.php\/wp-json\/wp\/v2\/pages"}],"about":[{"href":"https:\/\/top.nieruchomosci.pl\/index.php\/wp-json\/wp\/v2\/types\/page"}],"author":[{"embeddable":true,"href":"https:\/\/top.nieruchomosci.pl\/index.php\/wp-json\/wp\/v2\/users\/1"}],"replies":[{"embeddable":true,"href":"https:\/\/top.nieruchomosci.pl\/index.php\/wp-json\/wp\/v2\/comments?post=3"}],"version-history":[{"count":7,"href":"https:\/\/top.nieruchomosci.pl\/index.php\/wp-json\/wp\/v2\/pages\/3\/revisions"}],"predecessor-version":[{"id":3000,"href":"https:\/\/top.nieruchomosci.pl\/index.php\/wp-json\/wp\/v2\/pages\/3\/revisions\/3000"}],"wp:attachment":[{"href":"https:\/\/top.nieruchomosci.pl\/index.php\/wp-json\/wp\/v2\/media?parent=3"}],"curies":[{"name":"wp","href":"https:\/\/api.w.org\/{rel}","templated":true}]}}